{"id":15,"date":"2024-06-25T16:36:00","date_gmt":"2024-06-25T19:36:00","guid":{"rendered":"https:\/\/periciaforensedigital.com.br\/home\/?page_id=15"},"modified":"2025-04-29T11:50:40","modified_gmt":"2025-04-29T14:50:40","slug":"pericia-forense-digital","status":"publish","type":"page","link":"https:\/\/periciaforensedigital.com.br\/home\/","title":{"rendered":"Per\u00edcia Forense Digital"},"content":{"rendered":"\t\t<div data-elementor-type=\"wp-post\" data-elementor-id=\"15\" class=\"elementor elementor-15\">\n\t\t\t\t<div class=\"elementor-element elementor-element-59ff55f e-con-full e-flex e-con e-parent\" data-id=\"59ff55f\" data-element_type=\"container\" data-settings=\"{&quot;background_background&quot;:&quot;classic&quot;}\">\n\t\t\t\t<div class=\"elementor-element elementor-element-321440b elementor-widget__width-inherit elementor-widget elementor-widget-text-editor\" data-id=\"321440b\" data-element_type=\"widget\" data-widget_type=\"text-editor.default\">\n\t\t\t\t<div class=\"elementor-widget-container\">\n\t\t\t\t\t\t\t\t\t<p>Contato (Whatsapp): (11) 96797-2889 | contato@periciaforensedigital.com.br<\/p>\t\t\t\t\t\t\t\t<\/div>\n\t\t\t\t<\/div>\n\t\t\t\t<\/div>\n\t\t<div class=\"elementor-element elementor-element-d0ecc4d e-con-full e-flex e-con e-parent\" data-id=\"d0ecc4d\" data-element_type=\"container\" data-settings=\"{&quot;background_background&quot;:&quot;classic&quot;}\">\n\t\t<div class=\"elementor-element elementor-element-a09edd6 e-con-full e-flex e-con e-child\" data-id=\"a09edd6\" data-element_type=\"container\">\n\t\t\t\t<div class=\"elementor-element elementor-element-f4b8363 elementor-widget-mobile__width-inherit elementor-widget elementor-widget-heading\" data-id=\"f4b8363\" data-element_type=\"widget\" data-widget_type=\"heading.default\">\n\t\t\t\t<div class=\"elementor-widget-container\">\n\t\t\t\t\t<h1 class=\"elementor-heading-title elementor-size-default\">Per\u00edcia Forense Digital <\/h1>\t\t\t\t<\/div>\n\t\t\t\t<\/div>\n\t\t\t\t<div class=\"elementor-element elementor-element-ba186b4 elementor-button-danger elementor-widget elementor-widget-button\" data-id=\"ba186b4\" data-element_type=\"widget\" data-widget_type=\"button.default\">\n\t\t\t\t<div class=\"elementor-widget-container\">\n\t\t\t\t\t\t\t\t\t<div class=\"elementor-button-wrapper\">\n\t\t\t\t\t<a class=\"elementor-button elementor-button-link elementor-size-sm elementor-animation-pulse-grow\" href=\"https:\/\/wa.me\/+5511967972889?text=Ol\u00e1,%20gostaria%20de%20mais%20informa\u00e7\u00f5es%20sobre%20Per\u00edcia%20Forense%20Digital\" target=\"_blank\">\n\t\t\t\t\t\t<span class=\"elementor-button-content-wrapper\">\n\t\t\t\t\t\t\t\t\t<span class=\"elementor-button-text\">Fale com o especialista agora por Whatsapp<\/span>\n\t\t\t\t\t<\/span>\n\t\t\t\t\t<\/a>\n\t\t\t\t<\/div>\n\t\t\t\t\t\t\t\t<\/div>\n\t\t\t\t<\/div>\n\t\t\t\t<div class=\"elementor-element elementor-element-42387e7 elementor-widget__width-inherit elementor-widget elementor-widget-text-editor\" data-id=\"42387e7\" data-element_type=\"widget\" data-widget_type=\"text-editor.default\">\n\t\t\t\t<div class=\"elementor-widget-container\">\n\t\t\t\t\t\t\t\t\t<ul><li>An\u00e1lise de Ambientes Digitais<\/li><li><p style=\"padding: 0px; margin: 0px; word-break: break-word; font-size: var(--cib-type-body1-font-size); line-height: var(--cib-type-body1-line-height); font-weight: var(--cib-type-body1-font-weight); font-variation-settings: var(--cib-type-body1-font-variation-settings); display: inline;\"><span style=\"font-size: var(--cib-type-body1-strong-font-size); line-height: var(--cib-type-body1-strong-line-height); font-weight: var(--cib-type-body1-strong-font-weight); font-variation-settings: var(--cib-type-body1-strong-font-variation-settings);\">Identifica\u00e7\u00e3o de Riscos e Fragilidades<\/span><\/p><\/li><li>Detec\u00e7\u00e3o de Fraudes e Invas\u00f5es<\/li><li>Reconstitui\u00e7\u00e3o da Trajet\u00f3ria da Fraude<\/li><li>Coleta de Evid\u00eancias sem Comprometer as Provas<\/li><li>Questionamento ou\u00a0 emiss\u00e3o de laudo pericial em inform\u00e1tica<\/li><li>Busca de evid\u00eancias em celulares<\/li><li>Questionamento de Laudo Oficial<\/li><li>Investiga\u00e7\u00e3o em Redes Sociais (OSINT)<\/li><\/ul>\t\t\t\t\t\t\t\t<\/div>\n\t\t\t\t<\/div>\n\t\t\t\t<\/div>\n\t\t<div class=\"elementor-element elementor-element-21c094a e-con-full e-flex e-con e-child\" data-id=\"21c094a\" data-element_type=\"container\">\n\t\t\t\t<\/div>\n\t\t\t\t<\/div>\n\t\t<div class=\"elementor-element elementor-element-80e0dfd e-con-full e-flex e-con e-parent\" data-id=\"80e0dfd\" data-element_type=\"container\" data-settings=\"{&quot;background_background&quot;:&quot;classic&quot;}\">\n\t\t<div class=\"elementor-element elementor-element-92539d2 e-con-full e-flex e-con e-child\" data-id=\"92539d2\" data-element_type=\"container\">\n\t\t\t\t<div class=\"elementor-element elementor-element-fc19154 elementor-widget elementor-widget-image\" data-id=\"fc19154\" data-element_type=\"widget\" data-widget_type=\"image.default\">\n\t\t\t\t<div class=\"elementor-widget-container\">\n\t\t\t\t\t\t\t\t\t\t\t\t\t\t\t<img decoding=\"async\" src=\"https:\/\/periciaforensedigital.com.br\/home\/wp-content\/uploads\/elementor\/thumbs\/richard1-r7g1whtevozq0uhierjv9jmvc6tdebw7x5bz1bs3mg.webp\" title=\"richard1\" alt=\"richard1\" loading=\"lazy\" \/>\t\t\t\t\t\t\t\t\t\t\t\t\t\t\t<\/div>\n\t\t\t\t<\/div>\n\t\t\t\t<\/div>\n\t\t<div class=\"elementor-element elementor-element-ca51dcc e-con-full e-flex e-con e-child\" data-id=\"ca51dcc\" data-element_type=\"container\">\n\t\t\t\t<div class=\"elementor-element elementor-element-8fa2ca2 elementor-widget__width-inherit elementor-widget elementor-widget-text-editor\" data-id=\"8fa2ca2\" data-element_type=\"widget\" data-widget_type=\"text-editor.default\">\n\t\t\t\t<div class=\"elementor-widget-container\">\n\t\t\t\t\t\t\t\t\t<p>Sou Richard W Valdivia, Bacharel em Ci\u00eancias da Computa\u00e7\u00e3o\u00a0 e Mestre pela Universidade Federal de S\u00e3o Paulo &#8211; UNIFESP em Tecnologia, Gest\u00e3o e Sa\u00fade Ocular.<\/p><p>Com mais de 20 anos de experi\u00eancia no setor de:<\/p><ul><li>Expertise em Per\u00edcia Digital<\/li><li>Tecnologia da Informa\u00e7\u00e3o<\/li><li>Desenvolvimento de software<\/li><li>An\u00e1lise de sistemas<\/li><li>Governan\u00e7a de TI<\/li><li>Seguran\u00e7a cibern\u00e9tica<\/li><li>Auditoria de software<\/li><li>Recupera\u00e7\u00e3o de dados<\/li><\/ul>\t\t\t\t\t\t\t\t<\/div>\n\t\t\t\t<\/div>\n\t\t\t\t<div class=\"elementor-element elementor-element-8de65ca elementor-button-danger elementor-widget elementor-widget-button\" data-id=\"8de65ca\" data-element_type=\"widget\" data-widget_type=\"button.default\">\n\t\t\t\t<div class=\"elementor-widget-container\">\n\t\t\t\t\t\t\t\t\t<div class=\"elementor-button-wrapper\">\n\t\t\t\t\t<a class=\"elementor-button elementor-button-link elementor-size-sm elementor-animation-pulse-grow\" href=\"https:\/\/wa.me\/+5511967972889?text=Ol\u00e1,%20gostaria%20de%20mais%20informa\u00e7\u00f5es%20sobre%20Per\u00edcia%20Forense%20Digital\" target=\"_blank\">\n\t\t\t\t\t\t<span class=\"elementor-button-content-wrapper\">\n\t\t\t\t\t\t\t\t\t<span class=\"elementor-button-text\">Fale com o especialista agora por Whatsapp<\/span>\n\t\t\t\t\t<\/span>\n\t\t\t\t\t<\/a>\n\t\t\t\t<\/div>\n\t\t\t\t\t\t\t\t<\/div>\n\t\t\t\t<\/div>\n\t\t\t\t<\/div>\n\t\t\t\t<\/div>\n\t\t<div class=\"elementor-element elementor-element-42b9b0e e-flex e-con-boxed e-con e-parent\" data-id=\"42b9b0e\" data-element_type=\"container\" data-settings=\"{&quot;background_background&quot;:&quot;classic&quot;}\">\n\t\t\t\t\t<div class=\"e-con-inner\">\n\t\t\t\t<div class=\"elementor-element elementor-element-57550c3 elementor-widget-mobile__width-inherit elementor-widget elementor-widget-heading\" data-id=\"57550c3\" data-element_type=\"widget\" data-widget_type=\"heading.default\">\n\t\t\t\t<div class=\"elementor-widget-container\">\n\t\t\t\t\t<h1 class=\"elementor-heading-title elementor-size-default\">Outras \u00e1reas em que atuo como Perito<\/h1>\t\t\t\t<\/div>\n\t\t\t\t<\/div>\n\t\t\t\t\t<\/div>\n\t\t\t\t<\/div>\n\t\t<div class=\"elementor-element elementor-element-11e820a e-grid e-con-full e-con e-parent\" data-id=\"11e820a\" data-element_type=\"container\" data-settings=\"{&quot;background_background&quot;:&quot;classic&quot;}\">\n\t\t\t\t<div class=\"elementor-element elementor-element-df1436d elementor-view-default elementor-position-top elementor-mobile-position-top elementor-widget elementor-widget-icon-box\" data-id=\"df1436d\" data-element_type=\"widget\" data-widget_type=\"icon-box.default\">\n\t\t\t\t<div class=\"elementor-widget-container\">\n\t\t\t\t\t\t\t<div class=\"elementor-icon-box-wrapper\">\n\n\t\t\t\t\t\t<div class=\"elementor-icon-box-icon\">\n\t\t\t\t<span  class=\"elementor-icon\">\n\t\t\t\t<svg aria-hidden=\"true\" class=\"e-font-icon-svg e-fas-star\" viewBox=\"0 0 576 512\" xmlns=\"http:\/\/www.w3.org\/2000\/svg\"><path d=\"M259.3 17.8L194 150.2 47.9 171.5c-26.2 3.8-36.7 36.1-17.7 54.6l105.7 103-25 145.5c-4.5 26.3 23.2 46 46.4 33.7L288 439.6l130.7 68.7c23.2 12.2 50.9-7.4 46.4-33.7l-25-145.5 105.7-103c19-18.5 8.5-50.8-17.7-54.6L382 150.2 316.7 17.8c-11.7-23.6-45.6-23.9-57.4 0z\"><\/path><\/svg>\t\t\t\t<\/span>\n\t\t\t<\/div>\n\t\t\t\n\t\t\t\t\t\t<div class=\"elementor-icon-box-content\">\n\n\t\t\t\t\t\t\t\t\t<h3 class=\"elementor-icon-box-title\">\n\t\t\t\t\t\t<span  >\n\t\t\t\t\t\t\tPerito Judicial\t\t\t\t\t\t<\/span>\n\t\t\t\t\t<\/h3>\n\t\t\t\t\n\t\t\t\t\t\t\t\t\t<p class=\"elementor-icon-box-description\">\n\t\t\t\t\t\tInvestiga\u00e7\u00e3o e an\u00e1lises t\u00e9cnicas e cient\u00edficas em diversas \u00e1reas, fornecendo laudos detalhados e imparciais que auxiliam ju\u00edzes em decis\u00f5es complexas, esclarecendo quest\u00f5es espec\u00edficas com base em evid\u00eancias t\u00e9cnicas, documentos, per\u00edcias e investiga\u00e7\u00f5es aprofundadas.\t\t\t\t\t<\/p>\n\t\t\t\t\n\t\t\t<\/div>\n\t\t\t\n\t\t<\/div>\n\t\t\t\t\t\t<\/div>\n\t\t\t\t<\/div>\n\t\t\t\t<div class=\"elementor-element elementor-element-bfef02e elementor-view-default elementor-position-top elementor-mobile-position-top elementor-widget elementor-widget-icon-box\" data-id=\"bfef02e\" data-element_type=\"widget\" data-widget_type=\"icon-box.default\">\n\t\t\t\t<div class=\"elementor-widget-container\">\n\t\t\t\t\t\t\t<div class=\"elementor-icon-box-wrapper\">\n\n\t\t\t\t\t\t<div class=\"elementor-icon-box-icon\">\n\t\t\t\t<span  class=\"elementor-icon\">\n\t\t\t\t<svg aria-hidden=\"true\" class=\"e-font-icon-svg e-fas-star\" viewBox=\"0 0 576 512\" xmlns=\"http:\/\/www.w3.org\/2000\/svg\"><path d=\"M259.3 17.8L194 150.2 47.9 171.5c-26.2 3.8-36.7 36.1-17.7 54.6l105.7 103-25 145.5c-4.5 26.3 23.2 46 46.4 33.7L288 439.6l130.7 68.7c23.2 12.2 50.9-7.4 46.4-33.7l-25-145.5 105.7-103c19-18.5 8.5-50.8-17.7-54.6L382 150.2 316.7 17.8c-11.7-23.6-45.6-23.9-57.4 0z\"><\/path><\/svg>\t\t\t\t<\/span>\n\t\t\t<\/div>\n\t\t\t\n\t\t\t\t\t\t<div class=\"elementor-icon-box-content\">\n\n\t\t\t\t\t\t\t\t\t<h3 class=\"elementor-icon-box-title\">\n\t\t\t\t\t\t<span  >\n\t\t\t\t\t\t\tPerito Grafot\u00e9cnico\t\t\t\t\t\t<\/span>\n\t\t\t\t\t<\/h3>\n\t\t\t\t\n\t\t\t\t\t\t\t\t\t<p class=\"elementor-icon-box-description\">\n\t\t\t\t\t\tExame e compara\u00e7\u00e3o de escritas manuscritas para determinar autenticidade, identificar falsifica\u00e7\u00f5es ou fraudes em documentos, utilizando t\u00e9cnicas cient\u00edficas e an\u00e1lise detalhada de caracter\u00edsticas individuais de caligrafia e assinaturas.\t\t\t\t\t<\/p>\n\t\t\t\t\n\t\t\t<\/div>\n\t\t\t\n\t\t<\/div>\n\t\t\t\t\t\t<\/div>\n\t\t\t\t<\/div>\n\t\t\t\t<div class=\"elementor-element elementor-element-11457ca elementor-view-default elementor-position-top elementor-mobile-position-top elementor-widget elementor-widget-icon-box\" data-id=\"11457ca\" data-element_type=\"widget\" data-widget_type=\"icon-box.default\">\n\t\t\t\t<div class=\"elementor-widget-container\">\n\t\t\t\t\t\t\t<div class=\"elementor-icon-box-wrapper\">\n\n\t\t\t\t\t\t<div class=\"elementor-icon-box-icon\">\n\t\t\t\t<span  class=\"elementor-icon\">\n\t\t\t\t<svg aria-hidden=\"true\" class=\"e-font-icon-svg e-fas-star\" viewBox=\"0 0 576 512\" xmlns=\"http:\/\/www.w3.org\/2000\/svg\"><path d=\"M259.3 17.8L194 150.2 47.9 171.5c-26.2 3.8-36.7 36.1-17.7 54.6l105.7 103-25 145.5c-4.5 26.3 23.2 46 46.4 33.7L288 439.6l130.7 68.7c23.2 12.2 50.9-7.4 46.4-33.7l-25-145.5 105.7-103c19-18.5 8.5-50.8-17.7-54.6L382 150.2 316.7 17.8c-11.7-23.6-45.6-23.9-57.4 0z\"><\/path><\/svg>\t\t\t\t<\/span>\n\t\t\t<\/div>\n\t\t\t\n\t\t\t\t\t\t<div class=\"elementor-icon-box-content\">\n\n\t\t\t\t\t\t\t\t\t<h3 class=\"elementor-icon-box-title\">\n\t\t\t\t\t\t<span  >\n\t\t\t\t\t\t\tPerito Digital\t\t\t\t\t\t<\/span>\n\t\t\t\t\t<\/h3>\n\t\t\t\t\n\t\t\t\t\t\t\t\t\t<p class=\"elementor-icon-box-description\">\n\t\t\t\t\t\tInvestiga\u00e7\u00e3o e an\u00e1lise de evid\u00eancias eletr\u00f4nicas e cibern\u00e9ticas, como e-mails, registros de rede e dispositivos, para identificar fraudes, crimes digitais, invas\u00f5es e viola\u00e7\u00f5es de dados, fornecendo laudos t\u00e9cnicos que auxiliam em processos judiciais e investiga\u00e7\u00f5es.Utiliza\u00e7\u00e3o de softwares atualizados.\t\t\t\t\t<\/p>\n\t\t\t\t\n\t\t\t<\/div>\n\t\t\t\n\t\t<\/div>\n\t\t\t\t\t\t<\/div>\n\t\t\t\t<\/div>\n\t\t\t\t<div class=\"elementor-element elementor-element-4d3d560 elementor-view-default elementor-position-top elementor-mobile-position-top elementor-widget elementor-widget-icon-box\" data-id=\"4d3d560\" data-element_type=\"widget\" data-widget_type=\"icon-box.default\">\n\t\t\t\t<div class=\"elementor-widget-container\">\n\t\t\t\t\t\t\t<div class=\"elementor-icon-box-wrapper\">\n\n\t\t\t\t\t\t<div class=\"elementor-icon-box-icon\">\n\t\t\t\t<span  class=\"elementor-icon\">\n\t\t\t\t<svg aria-hidden=\"true\" class=\"e-font-icon-svg e-fas-star\" viewBox=\"0 0 576 512\" xmlns=\"http:\/\/www.w3.org\/2000\/svg\"><path d=\"M259.3 17.8L194 150.2 47.9 171.5c-26.2 3.8-36.7 36.1-17.7 54.6l105.7 103-25 145.5c-4.5 26.3 23.2 46 46.4 33.7L288 439.6l130.7 68.7c23.2 12.2 50.9-7.4 46.4-33.7l-25-145.5 105.7-103c19-18.5 8.5-50.8-17.7-54.6L382 150.2 316.7 17.8c-11.7-23.6-45.6-23.9-57.4 0z\"><\/path><\/svg>\t\t\t\t<\/span>\n\t\t\t<\/div>\n\t\t\t\n\t\t\t\t\t\t<div class=\"elementor-icon-box-content\">\n\n\t\t\t\t\t\t\t\t\t<h3 class=\"elementor-icon-box-title\">\n\t\t\t\t\t\t<span  >\n\t\t\t\t\t\t\tAvaliador de Bens M\u00f3veis\t\t\t\t\t\t<\/span>\n\t\t\t\t\t<\/h3>\n\t\t\t\t\n\t\t\t\t\t\t\t\t\t<p class=\"elementor-icon-box-description\">\n\t\t\t\t\t\tUm perito avaliador de bens m\u00f3veis determina o valor de itens como ve\u00edculos, m\u00e1quinas, equipamentos e mobili\u00e1rio. Ele considera o estado de conserva\u00e7\u00e3o, a deprecia\u00e7\u00e3o, a funcionalidade e as condi\u00e7\u00f5es de mercado para fornecer uma avalia\u00e7\u00e3o precisa e justa.\t\t\t\t\t<\/p>\n\t\t\t\t\n\t\t\t<\/div>\n\t\t\t\n\t\t<\/div>\n\t\t\t\t\t\t<\/div>\n\t\t\t\t<\/div>\n\t\t\t\t<div class=\"elementor-element elementor-element-cd335f1 elementor-view-default elementor-position-top elementor-mobile-position-top elementor-widget elementor-widget-icon-box\" data-id=\"cd335f1\" data-element_type=\"widget\" data-widget_type=\"icon-box.default\">\n\t\t\t\t<div class=\"elementor-widget-container\">\n\t\t\t\t\t\t\t<div class=\"elementor-icon-box-wrapper\">\n\n\t\t\t\t\t\t<div class=\"elementor-icon-box-icon\">\n\t\t\t\t<span  class=\"elementor-icon\">\n\t\t\t\t<svg aria-hidden=\"true\" class=\"e-font-icon-svg e-fas-star\" viewBox=\"0 0 576 512\" xmlns=\"http:\/\/www.w3.org\/2000\/svg\"><path d=\"M259.3 17.8L194 150.2 47.9 171.5c-26.2 3.8-36.7 36.1-17.7 54.6l105.7 103-25 145.5c-4.5 26.3 23.2 46 46.4 33.7L288 439.6l130.7 68.7c23.2 12.2 50.9-7.4 46.4-33.7l-25-145.5 105.7-103c19-18.5 8.5-50.8-17.7-54.6L382 150.2 316.7 17.8c-11.7-23.6-45.6-23.9-57.4 0z\"><\/path><\/svg>\t\t\t\t<\/span>\n\t\t\t<\/div>\n\t\t\t\n\t\t\t\t\t\t<div class=\"elementor-icon-box-content\">\n\n\t\t\t\t\t\t\t\t\t<h3 class=\"elementor-icon-box-title\">\n\t\t\t\t\t\t<span  >\n\t\t\t\t\t\t\tInvestigacor de Usucapi\u00e3o\t\t\t\t\t\t<\/span>\n\t\t\t\t\t<\/h3>\n\t\t\t\t\n\t\t\t\t\t\t\t\t\t<p class=\"elementor-icon-box-description\">\n\t\t\t\t\t\tInvestiga\u00e7\u00e3o de usucapi\u00e3o realizando analises de documentos, vistoria a propriedade e investiga a posse e o uso cont\u00ednuo de um im\u00f3vel, fornecendo um laudo que comprova se os requisitos legais para a aquisi\u00e7\u00e3o de propriedade por usucapi\u00e3o foram cumpridos.\t\t\t\t\t<\/p>\n\t\t\t\t\n\t\t\t<\/div>\n\t\t\t\n\t\t<\/div>\n\t\t\t\t\t\t<\/div>\n\t\t\t\t<\/div>\n\t\t\t\t<\/div>\n\t\t<div class=\"elementor-element elementor-element-27a5c5f e-flex e-con-boxed e-con e-parent\" data-id=\"27a5c5f\" data-element_type=\"container\" data-settings=\"{&quot;background_background&quot;:&quot;classic&quot;}\">\n\t\t\t\t\t<div class=\"e-con-inner\">\n\t\t\t\t<div class=\"elementor-element elementor-element-be3e4c9 elementor-button-danger elementor-widget elementor-widget-button\" data-id=\"be3e4c9\" data-element_type=\"widget\" data-widget_type=\"button.default\">\n\t\t\t\t<div class=\"elementor-widget-container\">\n\t\t\t\t\t\t\t\t\t<div class=\"elementor-button-wrapper\">\n\t\t\t\t\t<a class=\"elementor-button elementor-button-link elementor-size-sm elementor-animation-pulse-grow\" href=\"https:\/\/wa.me\/+5511967972889?text=Ol\u00e1,%20gostaria%20de%20mais%20informa\u00e7\u00f5es%20sobre%20Per\u00edcia%20Forense%20Digital\" target=\"_blank\">\n\t\t\t\t\t\t<span class=\"elementor-button-content-wrapper\">\n\t\t\t\t\t\t\t\t\t<span class=\"elementor-button-text\">Fale com o especialista agora por Whatsapp<\/span>\n\t\t\t\t\t<\/span>\n\t\t\t\t\t<\/a>\n\t\t\t\t<\/div>\n\t\t\t\t\t\t\t\t<\/div>\n\t\t\t\t<\/div>\n\t\t\t\t\t<\/div>\n\t\t\t\t<\/div>\n\t\t<div class=\"elementor-element elementor-element-c48505f e-con-full e-flex e-con e-parent\" data-id=\"c48505f\" data-element_type=\"container\" data-settings=\"{&quot;background_background&quot;:&quot;classic&quot;}\">\n\t\t\t\t<div class=\"elementor-element elementor-element-6ca08df elementor-widget__width-inherit elementor-widget elementor-widget-text-editor\" data-id=\"6ca08df\" data-element_type=\"widget\" data-widget_type=\"text-editor.default\">\n\t\t\t\t<div class=\"elementor-widget-container\">\n\t\t\t\t\t\t\t\t\t<p>Contato (Whatsapp): (11) 96797-2889 | contato@periciaforensedigital.com.br<\/p>\t\t\t\t\t\t\t\t<\/div>\n\t\t\t\t<\/div>\n\t\t\t\t<\/div>\n\t\t\t\t<\/div>\n\t\t","protected":false},"excerpt":{"rendered":"<p>Contato (Whatsapp): (11) 96797-2889 | contato@periciaforensedigital.com.br Per\u00edcia Forense Digital Fale com o especialista agora por Whatsapp An\u00e1lise de Ambientes Digitais Identifica\u00e7\u00e3o de Riscos e Fragilidades Detec\u00e7\u00e3o de Fraudes e Invas\u00f5es Reconstitui\u00e7\u00e3o da Trajet\u00f3ria da Fraude Coleta de Evid\u00eancias sem Comprometer as Provas Questionamento ou\u00a0 emiss\u00e3o de laudo pericial em inform\u00e1tica Busca de evid\u00eancias em celulares [&hellip;]<\/p>\n","protected":false},"author":1,"featured_media":0,"parent":0,"menu_order":0,"comment_status":"closed","ping_status":"closed","template":"elementor_canvas","meta":{"footnotes":""},"class_list":["post-15","page","type-page","status-publish","hentry"],"_links":{"self":[{"href":"https:\/\/periciaforensedigital.com.br\/home\/wp-json\/wp\/v2\/pages\/15","targetHints":{"allow":["GET"]}}],"collection":[{"href":"https:\/\/periciaforensedigital.com.br\/home\/wp-json\/wp\/v2\/pages"}],"about":[{"href":"https:\/\/periciaforensedigital.com.br\/home\/wp-json\/wp\/v2\/types\/page"}],"author":[{"embeddable":true,"href":"https:\/\/periciaforensedigital.com.br\/home\/wp-json\/wp\/v2\/users\/1"}],"replies":[{"embeddable":true,"href":"https:\/\/periciaforensedigital.com.br\/home\/wp-json\/wp\/v2\/comments?post=15"}],"version-history":[{"count":217,"href":"https:\/\/periciaforensedigital.com.br\/home\/wp-json\/wp\/v2\/pages\/15\/revisions"}],"predecessor-version":[{"id":269,"href":"https:\/\/periciaforensedigital.com.br\/home\/wp-json\/wp\/v2\/pages\/15\/revisions\/269"}],"wp:attachment":[{"href":"https:\/\/periciaforensedigital.com.br\/home\/wp-json\/wp\/v2\/media?parent=15"}],"curies":[{"name":"wp","href":"https:\/\/api.w.org\/{rel}","templated":true}]}}